{"id":5657389,"date":"2020-07-16T17:03:02","date_gmt":"2020-07-16T17:03:02","guid":{"rendered":"https:\/\/www.revest.pt\/empresa\/"},"modified":"2024-10-02T08:55:26","modified_gmt":"2024-10-02T08:55:26","slug":"empresa","status":"publish","type":"page","link":"https:\/\/www.revest.pt\/fr\/empresa\/","title":{"rendered":"Entreprise"},"content":{"rendered":"<div class=\"wpb-content-wrapper\">[vc_row full_width=\u00a0\u00bbstretch_row_content\u00a0\u00bb][vc_column]<div class=\"norebro-vertical-slider-sc norebro-onepage disable-on-mobile \" \n\tid=\"norebro-custom-6a09b7ab09b97\"\n\tdata-options='{\"nav\":true,\"navContainerClass\":\"slider-nav\",\"navClass\":[\"up\",\"down\"],\"dots\":false,\"mousewheel\":true,\"dotsClass\":\"slider-vertical-dots\",\"speed\":500}' \n\tdata-norebro-onepage=\"true\">\n\n\t<div class=\"onepage-stage\">\n\t\t<section class=\"onepage-section \" id=\"norebro-custom-6a09b7ab09c6f\"\n\t\t\t>\n\n\t[vc_row_inner el_id=\u00a0\u00bbempresa\u00a0\u00bb css=\u00a0\u00bb.vc_custom_1599583393310{padding-right: 20px !important;padding-left: 20px !important;}\u00a0\u00bb][vc_column_inner width=\u00a0\u00bb2\/3&Prime; css=\u00a0\u00bb.vc_custom_1597333334897{padding-top: 25% !important;padding-left: 20% !important;}\u00a0\u00bb]<div class=\"norebro-heading-sc heading text-left\"\n\tid=\"norebro-custom-6a09b7ab09f8d\" \n\t data-aos=\"fade-up\" \n\t data-aos-duration=\"1000\">\n\t\n\t\t\t<p class=\"subtitle\">\n\t\t\t\t\t<\/p>\n\t\n\t\n\t<h3 class=\"title subtitle-top\">\n\t\tEntreprise\t<\/h3>\n\n\t\n\t\t\n<\/div><div class=\"norebro-dynamic-text-sc\" \n\tdata-dynamic-text=\"true\"\n\tdata-dynamic-text-options='{\"strings\":[\"<span style=\\\"color: #fff;\\\">le <\\\/span>d\\u00e9fi\",\"<span style=\\\"color: #fff;\\\">le <\\\/span> r\\u00e9silience\",\"<span style=\\\"color: #fff;\\\">le <\\\/span> fid\\u00e9lit\\u00e9\"],\"typeSpeed\":40,\"backDelay\":2400,\"backSpeed\":20,\"loop\":true}'\n\tid=\"norebro-custom-6a09b7ab0a008\"\n\t data-aos=\"fade-up\"\t data-aos-duration=\"1500\">\n\tDans&nbsp;tout&nbsp;ce&nbsp;que&nbsp;nous&nbsp;faisons,&nbsp;nous&nbsp;sommes&nbsp;motiv\u00e9s&nbsp;par&nbsp;<span class=\"dynamic\"><\/span>&nbsp;,&nbsp;le&nbsp;succ\u00e8s&nbsp;et&nbsp;la&nbsp;loyaut\u00e9.<\/div>[vc_column_text css_animation=\u00a0\u00bbfadeIn\u00a0\u00bb]<span style=\"color: #ffffff;\">Avec notre \u00e9quipe sp\u00e9cialis\u00e9e, dynamique et r\u00e9siliente, nous consid\u00e9rons chaque projet comme un d\u00e9fi \u00e0 relever. L&rsquo;audace, l&rsquo;efficacit\u00e9 et la transparence sont des valeurs intrins\u00e8ques \u00e0 chacun d&rsquo;entre nous. Nous sommes motiv\u00e9s par les d\u00e9fis que nous nous fixons, nous adaptons nos solutions aux sp\u00e9cificit\u00e9s de chaque projet et aux attentes de nos clients. Notre croissance et notre r\u00e9putation sur le march\u00e9 sont la preuve de la rigueur avec laquelle nous atteignons nos objectifs.<\/span>[\/vc_column_text][vc_empty_space height=\u00a0\u00bb20px\u00a0\u00bb][vc_empty_space height=\u00a0\u00bb45px\u00a0\u00bb][\/vc_column_inner][vc_column_inner width=\u00a0\u00bb1\/3&Prime; css=\u00a0\u00bb.vc_custom_1593560791083{padding-top: 25% !important;}\u00a0\u00bb][\/vc_column_inner][\/vc_row_inner]\n<\/section><section class=\"onepage-section \" id=\"norebro-custom-6a09b7ab0a068\"\n\t\t\t>\n\n\t[vc_row_inner el_id=\u00a0\u00bbmissao\u00a0\u00bb css=\u00a0\u00bb.vc_custom_1599583401954{padding-right: 20px !important;padding-left: 20px !important;}\u00a0\u00bb][vc_column_inner width=\u00a0\u00bb1\/2&Prime; css=\u00a0\u00bb.vc_custom_1597333211564{padding-top: 25% !important;padding-left: 27% !important;}\u00a0\u00bb][vc_single_image image=\u00a0\u00bb5656882&Prime; img_size=\u00a0\u00bb75&#215;69&Prime;]<div class=\"norebro-heading-sc heading text-left\"\n\tid=\"norebro-custom-6a09b7ab0a2f6\" \n\t data-aos=\"fade-up\" \n\t data-aos-duration=\"1000\">\n\t\n\t\t\t<p class=\"subtitle\">\n\t\t\t\t\t<\/p>\n\t\n\t\n\t<h3 class=\"title subtitle-top\">\n\t\tMission\t<\/h3>\n\n\t\n\t\t\n<\/div>[vc_empty_space height=\u00a0\u00bb20px\u00a0\u00bb][vc_column_text css_animation=\u00a0\u00bbnone\u00a0\u00bb]<span style=\"color: #ffffff;\">Nous pensons que toutes les grandes r\u00e9alisations sont le fruit d&rsquo;une association entre la m\u00e9thode et la folie. Nous r\u00e9alisons des services dans le domaine des rev\u00eatements int\u00e9rieurs et ext\u00e9rieurs selon les normes de qualit\u00e9 les plus \u00e9lev\u00e9es, mais c&rsquo;est la passion pour ce que nous faisons et une agitation constante qui nous permettent d&rsquo;aller l\u00e0 o\u00f9 nous ne sommes pas et de penser diff\u00e9remment pour accro\u00eetre la valeur pour nos clients. M\u00eame si notre objectif est compl\u00e8tement fou, nous continuons \u00e0 vouloir changer le monde.<\/span>[\/vc_column_text][\/vc_column_inner][vc_column_inner width=\u00a0\u00bb1\/2&Prime;][\/vc_column_inner][\/vc_row_inner]\n<\/section><section class=\"onepage-section \" id=\"norebro-custom-6a09b7ab0a347\"\n\t\t\t>\n\n\t[vc_row_inner el_id=\u00a0\u00bbvisao\u00a0\u00bb css=\u00a0\u00bb.vc_custom_1599583411049{padding-right: 20px !important;padding-left: 20px !important;}\u00a0\u00bb][vc_column_inner width=\u00a0\u00bb1\/2&Prime; css=\u00a0\u00bb.vc_custom_1593553886413{padding-top: 25% !important;padding-left: 27% !important;}\u00a0\u00bb][vc_single_image image=\u00a0\u00bb5656878&Prime; img_size=\u00a0\u00bb75&#215;69&Prime;]<div class=\"norebro-heading-sc heading text-left\"\n\tid=\"norebro-custom-6a09b7ab0a589\" \n\t data-aos=\"fade-up\" \n\t data-aos-duration=\"1000\">\n\t\n\t\t\t<p class=\"subtitle\">\n\t\t\t\t\t<\/p>\n\t\n\t\n\t<h3 class=\"title subtitle-top\">\n\t\tVision\t<\/h3>\n\n\t\n\t\t\n<\/div>[vc_empty_space height=\u00a0\u00bb10px\u00a0\u00bb][vc_column_text css_animation=\u00a0\u00bbnone\u00a0\u00bb]<span style=\"color: #ffffff;\">\u00catre une r\u00e9f\u00e9rence dans le domaine des rev\u00eatements int\u00e9rieurs et ext\u00e9rieurs pour la sophistication technique de nos \u00e9quipes et la polyvalence de nos solutions. Devenir le partenaire privil\u00e9gi\u00e9 des projets les plus audacieux et les plus innovants gr\u00e2ce \u00e0 l&rsquo;efficacit\u00e9 op\u00e9rationnelle et aux relations de confiance cr\u00e9\u00e9es avec les clients et les autres parties <em>prenantes<\/em>.<\/span>[\/vc_column_text][\/vc_column_inner][vc_column_inner width=\u00a0\u00bb1\/2&Prime;][\/vc_column_inner][\/vc_row_inner]\n<\/section><section class=\"onepage-section \" id=\"norebro-custom-6a09b7ab0a5d2\"\n\t\t\t>\n\n\t[vc_row_inner el_id=\u00a0\u00bbvalores\u00a0\u00bb css=\u00a0\u00bb.vc_custom_1599583419916{padding-right: 20px !important;padding-left: 20px !important;}\u00a0\u00bb][vc_column_inner width=\u00a0\u00bb2\/3&Prime; css=\u00a0\u00bb.vc_custom_1593553904032{padding-top: 25% !important;padding-left: 20% !important;}\u00a0\u00bb][vc_single_image image=\u00a0\u00bb5656885&Prime; img_size=\u00a0\u00bb75&#215;69&Prime;]<div class=\"norebro-heading-sc heading text-left\"\n\tid=\"norebro-custom-6a09b7ab0a887\" \n\t data-aos=\"fade-up\" \n\t data-aos-duration=\"1000\">\n\t\n\t\t\t<p class=\"subtitle\">\n\t\t\t\t\t<\/p>\n\t\n\t\n\t<h3 class=\"title subtitle-top\">\n\t\tValeurs\t<\/h3>\n\n\t\n\t\t\n<\/div>[vc_empty_space height=\u00a0\u00bb20px\u00a0\u00bb][vc_column_text css_animation=\u00a0\u00bbnone\u00a0\u00bb]\n<div class=\"jcol_wrapper\">\n<div class=\"jcol\">Ambition<\/div>\n<div class=\"jcol\">Esth\u00e9tique<\/div>\n<div class=\"jcol\">Courage<\/div>\n<div class=\"jcol\">Loyaut\u00e9<\/div>\n<div class=\"jcol\">Passion<\/div>\n<div class=\"jcol\">Respect<\/div>\n<div class=\"jcol\">Responsabilit\u00e9<\/div>\n<div class=\"jcol\">Rigueur<\/div>\n<div class=\"jcol\">Solidarit\u00e9<\/div>\n<\/div>\n[\/vc_column_text][\/vc_column_inner][vc_column_inner width=\u00a0\u00bb1\/3&Prime;][\/vc_column_inner][\/vc_row_inner]\n<\/section>\t<\/div>\n\n<\/div>[\/vc_column][\/vc_row][vc_row][vc_column][vc_column_text]\n[\/vc_column_text][\/vc_column][\/vc_row]\n<\/div>","protected":false},"excerpt":{"rendered":"<p>[vc_row full_width=\u00a0\u00bbstretch_row_content\u00a0\u00bb][vc_column][\/vc_column][\/vc_row][vc_row][vc_column][vc_column_text] [\/vc_column_text][\/vc_column][\/vc_row]<\/p>\n","protected":false},"author":1,"featured_media":0,"parent":0,"menu_order":0,"comment_status":"closed","ping_status":"closed","template":"","meta":{"_acf_changed":false,"inline_featured_image":false,"footnotes":""},"class_list":["post-5657389","page","type-page","status-publish","hentry"],"acf":[],"yoast_head":"<!-- This site is optimized with the Yoast SEO plugin v25.6 - https:\/\/yoast.com\/wordpress\/plugins\/seo\/ -->\n<title>Entreprise - revestsolutions<\/title>\n<meta name=\"robots\" content=\"index, follow, max-snippet:-1, max-image-preview:large, max-video-preview:-1\" \/>\n<link rel=\"canonical\" href=\"https:\/\/www.revest.pt\/fr\/empresa\/\" \/>\n<meta property=\"og:locale\" content=\"fr_FR\" \/>\n<meta property=\"og:type\" content=\"article\" \/>\n<meta property=\"og:title\" content=\"Entreprise - revestsolutions\" \/>\n<meta property=\"og:description\" content=\"[vc_row full_width=\u00a0\u00bbstretch_row_content\u00a0\u00bb][vc_column][\/vc_column][\/vc_row][vc_row][vc_column][vc_column_text] [\/vc_column_text][\/vc_column][\/vc_row]\" \/>\n<meta property=\"og:url\" content=\"https:\/\/www.revest.pt\/fr\/empresa\/\" \/>\n<meta property=\"og:site_name\" content=\"revestsolutions\" \/>\n<meta property=\"article:modified_time\" content=\"2024-10-02T08:55:26+00:00\" \/>\n<meta name=\"twitter:card\" content=\"summary_large_image\" \/>\n<meta name=\"twitter:label1\" content=\"Dur\u00e9e de lecture estim\u00e9e\" \/>\n\t<meta name=\"twitter:data1\" content=\"4 minutes\" \/>\n<script type=\"application\/ld+json\" class=\"yoast-schema-graph\">{\"@context\":\"https:\/\/schema.org\",\"@graph\":[{\"@type\":\"WebPage\",\"@id\":\"https:\/\/www.revest.pt\/fr\/empresa\/\",\"url\":\"https:\/\/www.revest.pt\/fr\/empresa\/\",\"name\":\"Entreprise - revestsolutions\",\"isPartOf\":{\"@id\":\"https:\/\/www.revest.pt\/#website\"},\"datePublished\":\"2020-07-16T17:03:02+00:00\",\"dateModified\":\"2024-10-02T08:55:26+00:00\",\"breadcrumb\":{\"@id\":\"https:\/\/www.revest.pt\/fr\/empresa\/#breadcrumb\"},\"inLanguage\":\"fr-FR\",\"potentialAction\":[{\"@type\":\"ReadAction\",\"target\":[\"https:\/\/www.revest.pt\/fr\/empresa\/\"]}]},{\"@type\":\"BreadcrumbList\",\"@id\":\"https:\/\/www.revest.pt\/fr\/empresa\/#breadcrumb\",\"itemListElement\":[{\"@type\":\"ListItem\",\"position\":1,\"name\":\"In\u00edcio\",\"item\":\"https:\/\/www.revest.pt\/fr\/\"},{\"@type\":\"ListItem\",\"position\":2,\"name\":\"Entreprise\"}]},{\"@type\":\"WebSite\",\"@id\":\"https:\/\/www.revest.pt\/#website\",\"url\":\"https:\/\/www.revest.pt\/\",\"name\":\"revestsolutions\",\"description\":\"Especialistas em revestimentos interiores, pavimentos, sistemas corta-fogo e divis\u00f3rias amov\u00edveis.\",\"potentialAction\":[{\"@type\":\"SearchAction\",\"target\":{\"@type\":\"EntryPoint\",\"urlTemplate\":\"https:\/\/www.revest.pt\/?s={search_term_string}\"},\"query-input\":{\"@type\":\"PropertyValueSpecification\",\"valueRequired\":true,\"valueName\":\"search_term_string\"}}],\"inLanguage\":\"fr-FR\"}]}<\/script>\n<!-- \/ Yoast SEO plugin. -->","yoast_head_json":{"title":"Entreprise - revestsolutions","robots":{"index":"index","follow":"follow","max-snippet":"max-snippet:-1","max-image-preview":"max-image-preview:large","max-video-preview":"max-video-preview:-1"},"canonical":"https:\/\/www.revest.pt\/fr\/empresa\/","og_locale":"fr_FR","og_type":"article","og_title":"Entreprise - revestsolutions","og_description":"[vc_row full_width=\u00a0\u00bbstretch_row_content\u00a0\u00bb][vc_column][\/vc_column][\/vc_row][vc_row][vc_column][vc_column_text] [\/vc_column_text][\/vc_column][\/vc_row]","og_url":"https:\/\/www.revest.pt\/fr\/empresa\/","og_site_name":"revestsolutions","article_modified_time":"2024-10-02T08:55:26+00:00","twitter_card":"summary_large_image","twitter_misc":{"Dur\u00e9e de lecture estim\u00e9e":"4 minutes"},"schema":{"@context":"https:\/\/schema.org","@graph":[{"@type":"WebPage","@id":"https:\/\/www.revest.pt\/fr\/empresa\/","url":"https:\/\/www.revest.pt\/fr\/empresa\/","name":"Entreprise - revestsolutions","isPartOf":{"@id":"https:\/\/www.revest.pt\/#website"},"datePublished":"2020-07-16T17:03:02+00:00","dateModified":"2024-10-02T08:55:26+00:00","breadcrumb":{"@id":"https:\/\/www.revest.pt\/fr\/empresa\/#breadcrumb"},"inLanguage":"fr-FR","potentialAction":[{"@type":"ReadAction","target":["https:\/\/www.revest.pt\/fr\/empresa\/"]}]},{"@type":"BreadcrumbList","@id":"https:\/\/www.revest.pt\/fr\/empresa\/#breadcrumb","itemListElement":[{"@type":"ListItem","position":1,"name":"In\u00edcio","item":"https:\/\/www.revest.pt\/fr\/"},{"@type":"ListItem","position":2,"name":"Entreprise"}]},{"@type":"WebSite","@id":"https:\/\/www.revest.pt\/#website","url":"https:\/\/www.revest.pt\/","name":"revestsolutions","description":"Especialistas em revestimentos interiores, pavimentos, sistemas corta-fogo e divis\u00f3rias amov\u00edveis.","potentialAction":[{"@type":"SearchAction","target":{"@type":"EntryPoint","urlTemplate":"https:\/\/www.revest.pt\/?s={search_term_string}"},"query-input":{"@type":"PropertyValueSpecification","valueRequired":true,"valueName":"search_term_string"}}],"inLanguage":"fr-FR"}]}},"_links":{"self":[{"href":"https:\/\/www.revest.pt\/fr\/wp-json\/wp\/v2\/pages\/5657389"}],"collection":[{"href":"https:\/\/www.revest.pt\/fr\/wp-json\/wp\/v2\/pages"}],"about":[{"href":"https:\/\/www.revest.pt\/fr\/wp-json\/wp\/v2\/types\/page"}],"author":[{"embeddable":true,"href":"https:\/\/www.revest.pt\/fr\/wp-json\/wp\/v2\/users\/1"}],"replies":[{"embeddable":true,"href":"https:\/\/www.revest.pt\/fr\/wp-json\/wp\/v2\/comments?post=5657389"}],"version-history":[{"count":5,"href":"https:\/\/www.revest.pt\/fr\/wp-json\/wp\/v2\/pages\/5657389\/revisions"}],"predecessor-version":[{"id":5659109,"href":"https:\/\/www.revest.pt\/fr\/wp-json\/wp\/v2\/pages\/5657389\/revisions\/5659109"}],"wp:attachment":[{"href":"https:\/\/www.revest.pt\/fr\/wp-json\/wp\/v2\/media?parent=5657389"}],"curies":[{"name":"wp","href":"https:\/\/api.w.org\/{rel}","templated":true}]}}